{"id":528,"date":"2025-05-19T11:55:40","date_gmt":"2025-05-19T09:55:40","guid":{"rendered":"https:\/\/mlsprestigegroup.com\/?page_id=528"},"modified":"2025-10-14T16:45:49","modified_gmt":"2025-10-14T14:45:49","slug":"pole-intendance-organisation","status":"publish","type":"page","link":"https:\/\/mlsprestigegroup.com\/?page_id=528","title":{"rendered":"P\u00f4le Intendance &amp; organisation"},"content":{"rendered":"\n<h2 class=\"wp-block-heading\">Intendance et Organisation<\/h2>\n\n\n\n<p class=\"has-ast-global-color-7-color has-text-color has-link-color wp-elements-503e74fb5f304e685d7af056e3b6c994\">MLS Prestige Group organise et g\u00e8re vos \u00e9v\u00e9nements priv\u00e9s ou professionnels avec rigueur et efficacit\u00e9, pour un d\u00e9roulement sans stress.<\/p>\n\n\n\n<h3 class=\"wp-block-heading\">Nos prestations :<\/h3>\n\n\n\n<ul class=\"wp-block-list has-ast-global-color-7-color has-text-color has-link-color wp-elements-98d611dbaa12cd55fb1579f12e84ba3d\">\n<li class=\"has-ast-global-color-7-color has-text-color has-link-color wp-elements-cb795e424e146dcb980054d3337e154f\">Planification et coordination d\u2019\u00e9v\u00e9nements<\/li>\n\n\n\n<li class=\"has-ast-global-color-7-color has-text-color has-link-color wp-elements-cb20c0230d426574a37e7c67e4cc2098\">Gestion logistique et des fournisseurs<\/li>\n\n\n\n<li class=\"has-ast-global-color-7-color has-text-color has-link-color wp-elements-dbf899e36e467056d04f8d72f35f746a\">Organisation de r\u00e9unions et s\u00e9minaires<\/li>\n\n\n\n<li class=\"has-ast-global-color-7-color has-text-color has-link-color wp-elements-494f489f3e0bddce8540df9c3833178f\">Supervision des prestataires sur site<\/li>\n\n\n\n<li class=\"has-ast-global-color-7-color has-text-color has-link-color wp-elements-06ae41d10f1c553a506199a344fb7bc7\">Assistance \u00e0 la gestion administrative li\u00e9e aux \u00e9v\u00e9nements<\/li>\n\n\n\n<li class=\"has-ast-global-color-7-color has-text-color has-link-color wp-elements-b191c21c9ae2088dbbc2775d668e0be6\">Services de chauffeurs et transport priv\u00e9 <\/li>\n\n\n\n<li class=\"has-ast-global-color-7-color has-text-color has-link-color wp-elements-ee393ada3d08fe5421be1991e4a393d0\">Accompagnement personnalis\u00e9 pour toutes vos d\u00e9marches<\/li>\n\n\n\n<li class=\"has-ast-global-color-7-color has-text-color has-link-color wp-elements-bc522ba2c0c8f68faba203b0358fd559\">Assistance personnelle 24\/7<\/li>\n<\/ul>\n\n\n\n<p>Confiez-nous l\u2019organisation de vos projets pour un r\u00e9sultat professionnel et sans souci.<\/p>\n\n\n\n<p>Contactez-nous d\u00e8s maintenant :<br><a href=\"https:\/\/mlsprestigegroup.com\/?page_id=306\" data-type=\"page\" data-id=\"306\">Contact<\/a><\/p>\n\n\n\n<h3 class=\"wp-block-heading\">Mission principale<\/h3>\n\n\n\n<p class=\"has-ast-global-color-7-color has-text-color has-link-color wp-elements-e294d6b5a9b0e1819f6d85fe7f07de45\">Assurer la&nbsp;<strong>gestion, la maintenance et l\u2019organisation compl\u00e8te des propri\u00e9t\u00e9s<\/strong>&nbsp;de nos clients, qu\u2019il s\u2019agisse de r\u00e9sidences principales, secondaires ou de biens locatifs. Offrir une tranquillit\u00e9 d\u2019esprit totale gr\u00e2ce \u00e0 une supervision rigoureuse, une planification efficace et un accompagnement sur mesure.<\/p>\n\n\n\n<hr class=\"wp-block-separator has-alpha-channel-opacity\"\/>\n\n\n\n<h2 class=\"wp-block-heading\">1.&nbsp;<strong>Gestion quotidienne des propri\u00e9t\u00e9s<\/strong><\/h2>\n\n\n\n<ul class=\"wp-block-list\">\n<li class=\"has-ast-global-color-7-color has-text-color has-link-color wp-elements-28f64bb1084f853596420ad6c78106f7\">Ouverture, fermeture et pr\u00e9paration des r\u00e9sidences (avant arriv\u00e9e des propri\u00e9taires ou locataires).<\/li>\n\n\n\n<li class=\"has-ast-global-color-7-color has-text-color has-link-color wp-elements-bd6b602b5a2030a9a301879797a38105\">Supervision de la propret\u00e9 g\u00e9n\u00e9rale (m\u00e9nage, vitrerie, blanchisserie).<\/li>\n\n\n\n<li class=\"has-ast-global-color-7-color has-text-color has-link-color wp-elements-eed72401fadfa38a07947665aee96f66\">Approvisionnement (courses, cave \u00e0 vin, fleurs fra\u00eeches, linge de maison).<\/li>\n\n\n\n<li class=\"has-ast-global-color-7-color has-text-color has-link-color wp-elements-dacc54ded812d3900fe023225781bce9\">Gestion des acc\u00e8s (accueil des invit\u00e9s, check-in\/check-out locatifs, gestion des cl\u00e9s\/codes).<\/li>\n<\/ul>\n\n\n\n<hr class=\"wp-block-separator has-alpha-channel-opacity\"\/>\n\n\n\n<h2 class=\"wp-block-heading\">2.&nbsp;<strong>Maintenance &amp; suivi technique<\/strong><\/h2>\n\n\n\n<ul class=\"wp-block-list\">\n<li class=\"has-ast-global-color-7-color has-text-color has-link-color wp-elements-3db26bcb44ac6080803f7c9d471b8265\">Contr\u00f4le r\u00e9gulier des installations techniques (chauffage, climatisation, domotique, piscine, spa, ascenseur).<\/li>\n\n\n\n<li class=\"has-ast-global-color-7-color has-text-color has-link-color wp-elements-acae8f0374892e62fcd5b60af7bf074f\">D\u00e9tection pr\u00e9ventive des anomalies et coordination des r\u00e9parations.<\/li>\n\n\n\n<li class=\"has-ast-global-color-7-color has-text-color has-link-color wp-elements-fe7e8daf1e2787ebb6bfdd89e3dfe574\">Entretien saisonnier (chauffage l\u2019hiver, piscine et climatisation l\u2019\u00e9t\u00e9).<\/li>\n\n\n\n<li class=\"has-ast-global-color-7-color has-text-color has-link-color wp-elements-7686ec249a596ce6c62e3d59645cbe4a\">Gestion des contrats de maintenance (ascenseurs, chaudi\u00e8res, syst\u00e8mes de s\u00e9curit\u00e9).<\/li>\n\n\n\n<li class=\"has-ast-global-color-7-color has-text-color has-link-color wp-elements-4e330885c1b26363f3fe5464be7d5d73\">Suivi des interventions techniques et comptes-rendus d\u00e9taill\u00e9s au propri\u00e9taire.<\/li>\n<\/ul>\n\n\n\n<hr class=\"wp-block-separator has-alpha-channel-opacity\"\/>\n\n\n\n<h2 class=\"wp-block-heading\">3.&nbsp;<strong>Organisation &amp; coordination des prestataires<\/strong><\/h2>\n\n\n\n<ul class=\"wp-block-list\">\n<li class=\"has-ast-global-color-7-color has-text-color has-link-color wp-elements-5bd273b2ba7a295f056d628c995cf777\">S\u00e9lection, supervision et planification des prestataires (jardinage, m\u00e9nage, artisans, s\u00e9curit\u00e9).<\/li>\n\n\n\n<li class=\"has-ast-global-color-7-color has-text-color has-link-color wp-elements-71b19518ef6067e6483efda60a6f2841\">V\u00e9rification de la qualit\u00e9 des prestations.<\/li>\n\n\n\n<li class=\"has-ast-global-color-7-color has-text-color has-link-color wp-elements-9d7a82f8b5de9af477fe832872385d71\">Coordination des travaux de r\u00e9novation et suivi de chantier.<\/li>\n\n\n\n<li class=\"has-ast-global-color-7-color has-text-color has-link-color wp-elements-9c83d8dc5573810fb4d82e7bbf7456c3\">Gestion des appels d\u2019offres et n\u00e9gociation des devis pour le compte du client.<\/li>\n<\/ul>\n\n\n\n<hr class=\"wp-block-separator has-alpha-channel-opacity\"\/>\n\n\n\n<h2 class=\"wp-block-heading\">4.&nbsp;<strong>Gestion administrative &amp; financi\u00e8re<\/strong><\/h2>\n\n\n\n<ul class=\"wp-block-list\">\n<li class=\"has-ast-global-color-7-color has-text-color has-link-color wp-elements-7277dba5be55f7048aa96161640550e6\">Suivi des factures li\u00e9es \u00e0 la maison (eau, gaz, \u00e9lectricit\u00e9, internet, s\u00e9curit\u00e9).<\/li>\n\n\n\n<li class=\"has-ast-global-color-7-color has-text-color has-link-color wp-elements-85315be2b795b46782e2315890f02f1f\">Gestion des abonnements et r\u00e9siliations (entretien, assurances, services).<\/li>\n\n\n\n<li class=\"has-ast-global-color-7-color has-text-color has-link-color wp-elements-b8f2967f643047ade9bf3f979e784801\">Reporting mensuel clair au propri\u00e9taire (tableaux de suivi, comptes rendus).<\/li>\n\n\n\n<li class=\"has-ast-global-color-7-color has-text-color has-link-color wp-elements-6256782ef5e0dd83c27560afdbdc08f4\">Pr\u00e9paration et classement des documents li\u00e9s \u00e0 la propri\u00e9t\u00e9.<\/li>\n<\/ul>\n\n\n\n<hr class=\"wp-block-separator has-alpha-channel-opacity\"\/>\n\n\n\n<hr class=\"wp-block-separator has-alpha-channel-opacity\"\/>\n\n\n\n<h2 class=\"wp-block-heading\">5.&nbsp;<strong>Organisation logistique &amp; planning<\/strong><\/h2>\n\n\n\n<ul class=\"wp-block-list\">\n<li class=\"has-ast-global-color-7-color has-text-color has-link-color wp-elements-304168e47918c4f2f4397661bd417794\">Pr\u00e9paration des s\u00e9jours (avant l\u2019arriv\u00e9e du propri\u00e9taire ou des invit\u00e9s).<\/li>\n\n\n\n<li class=\"has-ast-global-color-7-color has-text-color has-link-color wp-elements-4d470e34d39dbf8376860fa6354881fe\">Organisation des plannings du personnel de maison (m\u00e9nage, cuisiniers, chauffeurs, gardiens).<\/li>\n\n\n\n<li class=\"has-ast-global-color-7-color has-text-color has-link-color wp-elements-a062804bccef294dad4881ef7c497c41\">Gestion des \u00e9v\u00e9nements priv\u00e9s au sein de la propri\u00e9t\u00e9 (cocktails, r\u00e9ceptions, mariages).<\/li>\n\n\n\n<li class=\"has-ast-global-color-7-color has-text-color has-link-color wp-elements-3b6a287e194a6f9428513f3835b30ad9\">Coordination avec la conciergerie priv\u00e9e pour les besoins sp\u00e9cifiques (traiteur, d\u00e9corateurs, chauffeurs).<\/li>\n<\/ul>\n\n\n\n<hr class=\"wp-block-separator has-alpha-channel-opacity\"\/>\n\n\n\n<h2 class=\"wp-block-heading\">6.&nbsp;<strong>Gestion locative haut de gamme (si applicable)<\/strong><\/h2>\n\n\n\n<ul class=\"wp-block-list\">\n<li class=\"has-ast-global-color-7-color has-text-color has-link-color wp-elements-3bb1ef3f454d58d5335826454d3ce39a\">Mise en \u00e9tat du bien avant et apr\u00e8s chaque location.<\/li>\n\n\n\n<li class=\"has-ast-global-color-7-color has-text-color has-link-color wp-elements-02e41db5cf54b6490c154c4bec2f2412\">Accueil personnalis\u00e9 des locataires.<\/li>\n\n\n\n<li class=\"has-ast-global-color-7-color has-text-color has-link-color wp-elements-e5c1dc757046d560abf8feff665704c3\">Assistance pendant la dur\u00e9e du s\u00e9jour (interventions techniques, services compl\u00e9mentaires).<\/li>\n\n\n\n<li class=\"has-ast-global-color-7-color has-text-color has-link-color wp-elements-0787eb59145551fcf0f0b355cb9f976b\">V\u00e9rification de l\u2019\u00e9tat des lieux et suivi de la remise en \u00e9tat.<\/li>\n<\/ul>\n\n\n\n<hr class=\"wp-block-separator has-alpha-channel-opacity\"\/>\n\n\n\n<h2 class=\"wp-block-heading\">7.&nbsp;<strong>Accompagnement personnalis\u00e9 des propri\u00e9taires<\/strong><\/h2>\n\n\n\n<ul class=\"wp-block-list\">\n<li class=\"has-ast-global-color-7-color has-text-color has-link-color wp-elements-175026cb2ad782dc02f9bce7c057ae85\">Interlocuteur unique pour toutes les demandes li\u00e9es \u00e0 la propri\u00e9t\u00e9.<\/li>\n\n\n\n<li class=\"has-ast-global-color-7-color has-text-color has-link-color wp-elements-43f78933e83aa609f679ec8ff3299797\">Conseil et accompagnement pour optimiser la valeur et l\u2019entretien du bien.<\/li>\n\n\n\n<li class=\"has-ast-global-color-7-color has-text-color has-link-color wp-elements-7d172805e419974bad5dd6f24d008005\">Service disponible 24\/7 pour urgences et impr\u00e9vus.<\/li>\n<\/ul>\n\n\n\n<hr class=\"wp-block-separator has-alpha-channel-opacity\"\/>\n\n\n\n<h1 class=\"wp-block-heading\">Valeurs ajout\u00e9es du P\u00f4le Intendance &amp; Organisation<\/h1>\n\n\n\n<ul class=\"wp-block-list\">\n<li class=\"has-ast-global-color-7-color has-text-color has-link-color wp-elements-d464922c10faddf81f321c01489398b5\"><strong>Supervision compl\u00e8te et centralis\u00e9e<\/strong>&nbsp;: un seul interlocuteur pour tout g\u00e9rer.<\/li>\n\n\n\n<li class=\"has-ast-global-color-7-color has-text-color has-link-color wp-elements-b0c79448b289048f13fea6b1b251c123\"><strong>Qualit\u00e9 &amp; transparence<\/strong>&nbsp;: reporting r\u00e9gulier et suivi personnalis\u00e9.<\/li>\n\n\n\n<li class=\"has-ast-global-color-7-color has-text-color has-link-color wp-elements-3b4fab337ad4410eae094f5a668fbd61\"><strong>R\u00e9seau d\u2019artisans et prestataires fiables<\/strong>.<\/li>\n\n\n\n<li class=\"has-ast-global-color-7-color has-text-color has-link-color wp-elements-3b8a801d2aaf1d567f59d06c8018bf16\"><strong>Disponibilit\u00e9 24\/7<\/strong>&nbsp;en cas d\u2019urgence.<\/li>\n\n\n\n<li class=\"has-ast-global-color-7-color has-text-color has-link-color wp-elements-92fb877a9aa5a0b2ac7adbf0aca76f05\"><strong>Gain de temps et s\u00e9r\u00e9nit\u00e9<\/strong>\u00a0totale<\/li>\n<\/ul>\n","protected":false},"excerpt":{"rendered":"<p>Intendance et Organisation MLS Prestige Group organise et g\u00e8re vos \u00e9v\u00e9nements priv\u00e9s ou professionnels avec rigueur et efficacit\u00e9, pour un d\u00e9roulement sans stress. Nos prestations : Confiez-nous l\u2019organisation de vos projets pour un r\u00e9sultat professionnel et sans souci. Contactez-nous d\u00e8s maintenant :Contact Mission principale Assurer la&nbsp;gestion, la maintenance et l\u2019organisation compl\u00e8te des propri\u00e9t\u00e9s&nbsp;de nos clients, [&hellip;]<\/p>\n","protected":false},"author":1,"featured_media":0,"parent":0,"menu_order":0,"comment_status":"closed","ping_status":"closed","template":"","meta":{"site-sidebar-layout":"default","site-content-layout":"","ast-site-content-layout":"default","site-content-style":"default","site-sidebar-style":"default","ast-global-header-display":"","ast-banner-title-visibility":"","ast-main-header-display":"","ast-hfb-above-header-display":"","ast-hfb-below-header-display":"","ast-hfb-mobile-header-display":"","site-post-title":"disabled","ast-breadcrumbs-content":"","ast-featured-img":"","footer-sml-layout":"","ast-disable-related-posts":"","theme-transparent-header-meta":"","adv-header-id-meta":"","stick-header-meta":"","header-above-stick-meta":"","header-main-stick-meta":"","header-below-stick-meta":"","astra-migrate-meta-layouts":"default","ast-page-background-enabled":"default","ast-page-background-meta":{"desktop":{"background-color":"var(--ast-global-color-5)","background-image":"","background-repeat":"repeat","background-position":"center center","background-size":"auto","background-attachment":"scroll","background-type":"","background-media":"","overlay-type":"","overlay-color":"","overlay-opacity":"","overlay-gradient":""},"tablet":{"background-color":"","background-image":"","background-repeat":"repeat","background-position":"center center","background-size":"auto","background-attachment":"scroll","background-type":"","background-media":"","overlay-type":"","overlay-color":"","overlay-opacity":"","overlay-gradient":""},"mobile":{"background-color":"","background-image":"","background-repeat":"repeat","background-position":"center center","background-size":"auto","background-attachment":"scroll","background-type":"","background-media":"","overlay-type":"","overlay-color":"","overlay-opacity":"","overlay-gradient":""}},"ast-content-background-meta":{"desktop":{"background-color":"var(--ast-global-color-4)","background-image":"","background-repeat":"repeat","background-position":"center center","background-size":"auto","background-attachment":"scroll","background-type":"","background-media":"","overlay-type":"","overlay-color":"","overlay-opacity":"","overlay-gradient":""},"tablet":{"background-color":"var(--ast-global-color-4)","background-image":"","background-repeat":"repeat","background-position":"center center","background-size":"auto","background-attachment":"scroll","background-type":"","background-media":"","overlay-type":"","overlay-color":"","overlay-opacity":"","overlay-gradient":""},"mobile":{"background-color":"var(--ast-global-color-4)","background-image":"","background-repeat":"repeat","background-position":"center center","background-size":"auto","background-attachment":"scroll","background-type":"","background-media":"","overlay-type":"","overlay-color":"","overlay-opacity":"","overlay-gradient":""}},"footnotes":""},"class_list":["post-528","page","type-page","status-publish","hentry"],"jetpack_sharing_enabled":true,"_links":{"self":[{"href":"https:\/\/mlsprestigegroup.com\/index.php?rest_route=\/wp\/v2\/pages\/528","targetHints":{"allow":["GET"]}}],"collection":[{"href":"https:\/\/mlsprestigegroup.com\/index.php?rest_route=\/wp\/v2\/pages"}],"about":[{"href":"https:\/\/mlsprestigegroup.com\/index.php?rest_route=\/wp\/v2\/types\/page"}],"author":[{"embeddable":true,"href":"https:\/\/mlsprestigegroup.com\/index.php?rest_route=\/wp\/v2\/users\/1"}],"replies":[{"embeddable":true,"href":"https:\/\/mlsprestigegroup.com\/index.php?rest_route=%2Fwp%2Fv2%2Fcomments&post=528"}],"version-history":[{"count":7,"href":"https:\/\/mlsprestigegroup.com\/index.php?rest_route=\/wp\/v2\/pages\/528\/revisions"}],"predecessor-version":[{"id":833,"href":"https:\/\/mlsprestigegroup.com\/index.php?rest_route=\/wp\/v2\/pages\/528\/revisions\/833"}],"wp:attachment":[{"href":"https:\/\/mlsprestigegroup.com\/index.php?rest_route=%2Fwp%2Fv2%2Fmedia&parent=528"}],"curies":[{"name":"wp","href":"https:\/\/api.w.org\/{rel}","templated":true}]}}