{"id":517,"date":"2025-05-19T11:42:21","date_gmt":"2025-05-19T09:42:21","guid":{"rendered":"https:\/\/mlsprestigegroup.com\/?page_id=517"},"modified":"2025-10-09T09:59:18","modified_gmt":"2025-10-09T07:59:18","slug":"517-2","status":"publish","type":"page","link":"https:\/\/mlsprestigegroup.com\/?page_id=517","title":{"rendered":"P\u00f4le Conciergerie Priv\u00e9e"},"content":{"rendered":"\n<h2 class=\"wp-block-heading\">P\u00f4le Conciergerie Priv\u00e9e<\/h2>\n\n\n\n<p class=\"has-ast-global-color-7-color has-text-color has-link-color wp-elements-6c8b9fab194b579d46ac617008097655\">MLS Prestige Group vous accompagne pour g\u00e9rer toutes vos t\u00e2ches administratives et pratiques du quotidien, en toute discr\u00e9tion et efficacit\u00e9.<\/p>\n\n\n\n<h3 class=\"wp-block-heading\">Nos services :<\/h3>\n\n\n\n<div class=\"wp-block-group is-layout-constrained wp-block-group-is-layout-constrained\">\n<ul class=\"wp-block-list\">\n<li class=\"has-ast-global-color-7-color has-text-color has-link-color wp-elements-b4868dc063df3b241f717b67e9df182a\">Gestion de planning et organisation de rendez-vous<\/li>\n\n\n\n<li class=\"has-ast-global-color-7-color has-text-color has-link-color wp-elements-196d7e0b740d96046561a8937dbe28a8\">R\u00e9servation de voyages, h\u00f4tels, restaurants et \u00e9v\u00e9nements<\/li>\n\n\n\n<li class=\"has-ast-global-color-7-color has-text-color has-link-color wp-elements-88da0da6e9575f0be948c04c5f1b10b4\">Suivi et gestion de factures et documents administratifs<\/li>\n\n\n\n<li class=\"has-ast-global-color-7-color has-text-color has-link-color wp-elements-1578a53dcc10de3242713ea95ab256ac\">Aide \u00e0 la gestion des d\u00e9m\u00e9nagements et travaux domestiques<\/li>\n\n\n\n<li class=\"has-ast-global-color-7-color has-text-color has-link-color wp-elements-cd61ea68f6cac242ea82c8a4764a21da\">Assistance personnalis\u00e9e pour courses et achats sp\u00e9cifiques<\/li>\n\n\n\n<li class=\"has-ast-global-color-7-color has-text-color has-link-color wp-elements-3164c911ee9e53da6b530d9ed919c907\">Organisation et coordination d\u2019\u00e9v\u00e9nements priv\u00e9s ou professionnels<\/li>\n<\/ul>\n<\/div>\n\n\n\n<p class=\"has-ast-global-color-0-color has-text-color has-link-color wp-elements-13ff81155c506130fd12ddab28296427\">Faites confiance \u00e0 MLS Prestige Group pour simplifier votre quotidien avec professionnalisme et discr\u00e9tion.<\/p>\n\n\n\n<p class=\"has-ast-global-color-7-color has-text-color has-link-color wp-elements-2e7d596c9e55c5d85beed4bd40969b26\">Contactez-nous d\u00e8s maintenant :<br><a href=\"https:\/\/mlsprestigegroup.com\/?page_id=306\">Contact<\/a><\/p>\n\n\n\n<h2 class=\"wp-block-heading\">1.&nbsp;<strong>Conciergerie du quotidien<\/strong><\/h2>\n\n\n\n<ul class=\"wp-block-list has-ast-global-color-7-color has-text-color has-link-color wp-elements-676f64e7b49b8b14ebc4141876e95bab\">\n<li>R\u00e9servations (restaurants, h\u00f4tels, spas, clubs priv\u00e9s).<\/li>\n\n\n\n<li>Organisation de d\u00e9placements (taxis, VTC, chauffeurs priv\u00e9s, jets priv\u00e9s, yachts, h\u00e9licopt\u00e8res).<\/li>\n\n\n\n<li>Courses et livraisons personnalis\u00e9es (\u00e9picerie fine, luxe, pharmacie).<\/li>\n\n\n\n<li>Service pressing &amp; couture.<\/li>\n\n\n\n<li>Gestion d\u2019agenda personnel et familial.<\/li>\n<\/ul>\n\n\n\n<hr class=\"wp-block-separator has-alpha-channel-opacity\"\/>\n\n\n\n<h2 class=\"wp-block-heading\">2.&nbsp;<strong>Conciergerie voyage &amp; mobilit\u00e9<\/strong><\/h2>\n\n\n\n<div class=\"wp-block-group is-layout-constrained wp-block-group-is-layout-constrained\">\n<ul class=\"wp-block-list\">\n<li class=\"has-ast-global-color-7-color has-text-color has-link-color wp-elements-a65c87fe6b6c79ef17600a1cbb4af094\">Organisation compl\u00e8te de s\u00e9jours (billets, transferts, h\u00e9bergement).<\/li>\n\n\n\n<li class=\"has-ast-global-color-7-color has-text-color has-link-color wp-elements-9738de51b3a5fca83da63ef672ecf7b6\">Voyages sur-mesure (circuits exclusifs, safaris, croisi\u00e8res priv\u00e9es).<\/li>\n\n\n\n<li class=\"has-ast-global-color-7-color has-text-color has-link-color wp-elements-a1ecf4464529deeac587874036777b84\">Gestion des visas, documents administratifs et assurances voyage.<\/li>\n<\/ul>\n<\/div>\n\n\n\n<hr class=\"wp-block-separator has-alpha-channel-opacity\"\/>\n\n\n\n<h2 class=\"wp-block-heading\">3.&nbsp;<strong>\u00c9v\u00e9nementiel &amp; lifestyle<\/strong><\/h2>\n\n\n\n<div class=\"wp-block-group is-layout-constrained wp-block-group-is-layout-constrained\">\n<ul class=\"wp-block-list has-ast-global-color-7-color has-text-color has-link-color wp-elements-cbc0f3d0b86ee677fb4cda4b380684a5\">\n<li class=\"has-ast-global-color-7-color has-text-color has-link-color wp-elements-4654bf5bac1ca4403ee0f1ae4aca088e\">Organisation d\u2019\u00e9v\u00e9nements priv\u00e9s (anniversaires, mariages, soir\u00e9es, d\u00eeners d\u2019exception).<\/li>\n\n\n\n<li class=\"has-ast-global-color-7-color has-text-color has-link-color wp-elements-3bc8886d0f6e0404d66042aeaf1deeb4\">Acc\u00e8s VIP (festivals, d\u00e9fil\u00e9s, \u00e9v\u00e9nements sportifs, spectacles).<\/li>\n\n\n\n<li class=\"has-ast-global-color-7-color has-text-color has-link-color wp-elements-16fbd4438fc67d1434a521e1fd3ce63a\">Location et d\u00e9coration de salles, villas, yachts.<\/li>\n\n\n\n<li class=\"has-ast-global-color-7-color has-text-color has-link-color wp-elements-77e2e90ef5911da6f658b17fe386b917\">Service traiteur &amp; chef priv\u00e9 \u00e0 domicile.<\/li>\n\n\n\n<li class=\"has-ast-global-color-7-color has-text-color has-link-color wp-elements-109a5c12c6fdf39d7edc70003469ac06\">Coordination avec prestataires (photographes, musiciens, d\u00e9corateurs etc).<\/li>\n<\/ul>\n<\/div>\n\n\n\n<hr class=\"wp-block-separator has-alpha-channel-opacity\"\/>\n\n\n\n<h2 class=\"wp-block-heading\">4.&nbsp;<strong>Conciergerie de luxe<\/strong><\/h2>\n\n\n\n<div class=\"wp-block-group is-layout-constrained wp-block-group-is-layout-constrained\">\n<ul class=\"wp-block-list has-ast-global-color-7-color has-text-color has-link-color wp-elements-0f12e4aecb3b81dbe915029744d1bfcc\">\n<li class=\"has-ast-global-color-7-color has-text-color has-link-color wp-elements-313dd4736a71740721e96d1b97ec7146\">Recherche et acquisition de biens rares (montres, bijoux, \u0153uvres d\u2019art, voitures de collection).<\/li>\n\n\n\n<li class=\"has-ast-global-color-7-color has-text-color has-link-color wp-elements-dc5acbb7424a93fabf7bbdfcb198e407\">Personal shopper et accompagnement mode.<\/li>\n\n\n\n<li class=\"has-ast-global-color-7-color has-text-color has-link-color wp-elements-3fcf709c46dd15b38a7d46024c693842\">Location et achat de voitures de prestige.<\/li>\n\n\n\n<li class=\"has-ast-global-color-7-color has-text-color has-link-color wp-elements-6c4b8c1fd156fed8937e6ba8eaf58f2f\">Acc\u00e8s \u00e0 des clubs priv\u00e9s, golfs, casinos, cercles d\u2019affaires.<\/li>\n\n\n\n<li class=\"has-ast-global-color-7-color has-text-color has-link-color wp-elements-1c205fda6e6d7d4885f9e0941bfa5591\">Accompagnement pour ventes aux ench\u00e8res et acquisitions confidentielles.<\/li>\n<\/ul>\n<\/div>\n\n\n\n<hr class=\"wp-block-separator has-alpha-channel-opacity\"\/>\n\n\n\n<h2 class=\"wp-block-heading\">5.&nbsp;<strong>Conciergerie familiale &amp; personnelle<\/strong><\/h2>\n\n\n\n<div class=\"wp-block-group is-layout-constrained wp-block-group-is-layout-constrained\">\n<ul class=\"wp-block-list has-ast-global-color-7-color has-text-color has-link-color wp-elements-892958bba0473bc1f7ce9e4055b6cc6e\">\n<li class=\"has-ast-global-color-7-color has-text-color has-link-color wp-elements-32ee05a6458e059736fa14d163d05d79\">Organisation scolaire &amp; parascolaire (inscriptions, cours particuliers, activit\u00e9s sportives et culturelles).<\/li>\n\n\n\n<li class=\"has-ast-global-color-7-color has-text-color has-link-color wp-elements-b06735eec1b163c2ab664f594fbade3c\">Aide \u00e0 domicile (nannies, gouvernantes, personnel de maison).<\/li>\n\n\n\n<li class=\"has-ast-global-color-7-color has-text-color has-link-color wp-elements-5071f69ec9e1be233d133633132c82d1\">Assistance administrative et traduction.<\/li>\n<\/ul>\n<\/div>\n\n\n\n<hr class=\"wp-block-separator has-alpha-channel-opacity\"\/>\n\n\n\n<h2 class=\"wp-block-heading\">6.&nbsp;<strong>Conciergerie immobili\u00e8re<\/strong><\/h2>\n\n\n\n<div class=\"wp-block-group is-layout-constrained wp-block-group-is-layout-constrained\">\n<ul class=\"wp-block-list has-ast-global-color-7-color has-text-color has-link-color wp-elements-6ec790ba40a10a402a4ada082cc0df5b\">\n<li class=\"has-ast-global-color-7-color has-text-color has-link-color wp-elements-41cfce3727f4207bcb41b0b17616c1a9\">Gestion d\u2019arriv\u00e9e\/d\u00e9part des propri\u00e9taires ou locataires (check-in\/check-out, \u00e9tat des lieux).<\/li>\n\n\n\n<li class=\"has-ast-global-color-7-color has-text-color has-link-color wp-elements-ea669f8e534364886ecb00a828d9cbbf\">Approvisionnement et pr\u00e9paration de la maison avant l\u2019arriv\u00e9e des r\u00e9sidents.<\/li>\n\n\n\n<li class=\"has-ast-global-color-7-color has-text-color has-link-color wp-elements-1e7789be3eb5f6ced368cc8476364708\">Surveillance de r\u00e9sidence secondaire en l\u2019absence des propri\u00e9taires.<\/li>\n\n\n\n<li class=\"has-ast-global-color-7-color has-text-color has-link-color wp-elements-81e78febb67e7a65efc01c25127b7c47\">Coordination avec services de maintenance et entretien.<\/li>\n<\/ul>\n<\/div>\n\n\n\n<hr class=\"wp-block-separator has-alpha-channel-opacity\"\/>\n\n\n\n<h2 class=\"wp-block-heading\">7.&nbsp;<strong>Conciergerie digitale<\/strong><\/h2>\n\n\n\n<div class=\"wp-block-group is-layout-constrained wp-block-group-is-layout-constrained\">\n<ul class=\"wp-block-list has-ast-global-color-7-color has-text-color has-link-color wp-elements-c560244c046dc4bf962f1c2b04921782\">\n<li class=\"has-ast-global-color-7-color has-text-color has-link-color wp-elements-a2689e05f85fc8b2bfc530d053265e8f\">Assistance num\u00e9rique (r\u00e9servations en ligne, billetterie, services administratifs digitaux).<\/li>\n\n\n\n<li class=\"has-ast-global-color-7-color has-text-color has-link-color wp-elements-8fd997bc8ed8e4a9ca50c40495d622d5\">Gestion de calendriers partag\u00e9s.<\/li>\n\n\n\n<li class=\"has-ast-global-color-7-color has-text-color has-link-color wp-elements-77a38b0e65fdc454b8a66d149e249a22\">Mise en place de solutions domotiques (alarme connect\u00e9e, domotique luxe).<\/li>\n<\/ul>\n<\/div>\n\n\n\n<hr class=\"wp-block-separator has-alpha-channel-opacity\"\/>\n\n\n\n<h2 class=\"wp-block-heading\">8.&nbsp;<strong>Services exclusifs &amp; sur mesure<\/strong><\/h2>\n\n\n\n<div class=\"wp-block-group is-layout-constrained wp-block-group-is-layout-constrained\">\n<ul class=\"wp-block-list has-ast-global-color-7-color has-text-color has-link-color wp-elements-50c9b2b125111f4b6ba0295d8b9849bb\">\n<li class=\"has-ast-global-color-7-color has-text-color has-link-color wp-elements-6165299e30f341d2eaf6f0e0faaf2940\">Assistance 24\/7 pour urgences.<\/li>\n\n\n\n<li class=\"has-ast-global-color-7-color has-text-color has-link-color wp-elements-ab8341a350ba01a4aeb99bbcce0782f5\">Services personnalis\u00e9s pour personnalit\u00e9s publiques (s\u00e9curit\u00e9, discr\u00e9tion renforc\u00e9e).<\/li>\n\n\n\n<li class=\"has-ast-global-color-7-color has-text-color has-link-color wp-elements-29a9049870dbbf50e9316f62c31cbdcc\">Services corporate (gestion de voyages d\u2019affaires, s\u00e9minaires, accueil de collaborateurs).<\/li>\n\n\n\n<li class=\"has-ast-global-color-7-color has-text-color has-link-color wp-elements-37ea7404733015cf511990a0bc83162f\">Cr\u00e9ation de prestations uniques selon les besoins sp\u00e9cifiques du client.<\/li>\n<\/ul>\n<\/div>\n\n\n\n<hr class=\"wp-block-separator has-alpha-channel-opacity\"\/>\n\n\n\n<h1 class=\"wp-block-heading\">Valeurs ajout\u00e9es du P\u00f4le Conciergerie Priv\u00e9e<\/h1>\n\n\n\n<div class=\"wp-block-group is-layout-constrained wp-block-group-is-layout-constrained\">\n<ul class=\"wp-block-list has-ast-global-color-7-color has-text-color has-link-color wp-elements-ad840963479e379d42efab29c18dc751\">\n<li class=\"has-ast-global-color-7-color has-text-color has-link-color wp-elements-acc78b169b89b723e4d2335f985d3084\"><strong>Disponibilit\u00e9 24\/7<\/strong><\/li>\n\n\n\n<li class=\"has-ast-global-color-7-color has-text-color has-link-color wp-elements-933e9e6afaad9208c6cde4be590b6db1\"><strong>Confidentialit\u00e9 absolue<\/strong><\/li>\n\n\n\n<li class=\"has-ast-global-color-7-color has-text-color has-link-color wp-elements-cf56a0dace447b2069358977f2c5c212\"><strong>R\u00e9seau haut de gamme<\/strong>&nbsp;de partenaires fiables (restaurants, h\u00f4tels, transporteurs, artisans luxe, s\u00e9curit\u00e9 priv\u00e9e etc..)<\/li>\n\n\n\n<li class=\"has-ast-global-color-7-color has-text-color has-link-color wp-elements-d1866fa4f48010397f7469a5ef57d1d8\"><strong>Flexibilit\u00e9<\/strong>\u00a0: services ponctuels ou abonnement mensuel\/annuel.<\/li>\n\n\n\n<li><\/li>\n<\/ul>\n<\/div>\n","protected":false},"excerpt":{"rendered":"<p>P\u00f4le Conciergerie Priv\u00e9e MLS Prestige Group vous accompagne pour g\u00e9rer toutes vos t\u00e2ches administratives et pratiques du quotidien, en toute discr\u00e9tion et efficacit\u00e9. Nos services : Faites confiance \u00e0 MLS Prestige Group pour simplifier votre quotidien avec professionnalisme et discr\u00e9tion. Contactez-nous d\u00e8s maintenant :Contact 1.&nbsp;Conciergerie du quotidien 2.&nbsp;Conciergerie voyage &amp; mobilit\u00e9 3.&nbsp;\u00c9v\u00e9nementiel &amp; lifestyle 4.&nbsp;Conciergerie [&hellip;]<\/p>\n","protected":false},"author":1,"featured_media":0,"parent":0,"menu_order":0,"comment_status":"closed","ping_status":"closed","template":"","meta":{"site-sidebar-layout":"default","site-content-layout":"","ast-site-content-layout":"","site-content-style":"default","site-sidebar-style":"default","ast-global-header-display":"","ast-banner-title-visibility":"","ast-main-header-display":"","ast-hfb-above-header-display":"","ast-hfb-below-header-display":"","ast-hfb-mobile-header-display":"","site-post-title":"disabled","ast-breadcrumbs-content":"","ast-featured-img":"","footer-sml-layout":"","ast-disable-related-posts":"","theme-transparent-header-meta":"","adv-header-id-meta":"","stick-header-meta":"","header-above-stick-meta":"","header-main-stick-meta":"","header-below-stick-meta":"","astra-migrate-meta-layouts":"default","ast-page-background-enabled":"default","ast-page-background-meta":{"desktop":{"background-color":"var(--ast-global-color-5)","background-image":"","background-repeat":"repeat","background-position":"center center","background-size":"auto","background-attachment":"scroll","background-type":"","background-media":"","overlay-type":"","overlay-color":"","overlay-opacity":"","overlay-gradient":""},"tablet":{"background-color":"","background-image":"","background-repeat":"repeat","background-position":"center center","background-size":"auto","background-attachment":"scroll","background-type":"","background-media":"","overlay-type":"","overlay-color":"","overlay-opacity":"","overlay-gradient":""},"mobile":{"background-color":"","background-image":"","background-repeat":"repeat","background-position":"center center","background-size":"auto","background-attachment":"scroll","background-type":"","background-media":"","overlay-type":"","overlay-color":"","overlay-opacity":"","overlay-gradient":""}},"ast-content-background-meta":{"desktop":{"background-color":"var(--ast-global-color-4)","background-image":"","background-repeat":"repeat","background-position":"center center","background-size":"auto","background-attachment":"scroll","background-type":"","background-media":"","overlay-type":"","overlay-color":"","overlay-opacity":"","overlay-gradient":""},"tablet":{"background-color":"var(--ast-global-color-4)","background-image":"","background-repeat":"repeat","background-position":"center center","background-size":"auto","background-attachment":"scroll","background-type":"","background-media":"","overlay-type":"","overlay-color":"","overlay-opacity":"","overlay-gradient":""},"mobile":{"background-color":"var(--ast-global-color-4)","background-image":"","background-repeat":"repeat","background-position":"center center","background-size":"auto","background-attachment":"scroll","background-type":"","background-media":"","overlay-type":"","overlay-color":"","overlay-opacity":"","overlay-gradient":""}},"footnotes":""},"class_list":["post-517","page","type-page","status-publish","hentry"],"jetpack_sharing_enabled":true,"_links":{"self":[{"href":"https:\/\/mlsprestigegroup.com\/index.php?rest_route=\/wp\/v2\/pages\/517","targetHints":{"allow":["GET"]}}],"collection":[{"href":"https:\/\/mlsprestigegroup.com\/index.php?rest_route=\/wp\/v2\/pages"}],"about":[{"href":"https:\/\/mlsprestigegroup.com\/index.php?rest_route=\/wp\/v2\/types\/page"}],"author":[{"embeddable":true,"href":"https:\/\/mlsprestigegroup.com\/index.php?rest_route=\/wp\/v2\/users\/1"}],"replies":[{"embeddable":true,"href":"https:\/\/mlsprestigegroup.com\/index.php?rest_route=%2Fwp%2Fv2%2Fcomments&post=517"}],"version-history":[{"count":11,"href":"https:\/\/mlsprestigegroup.com\/index.php?rest_route=\/wp\/v2\/pages\/517\/revisions"}],"predecessor-version":[{"id":817,"href":"https:\/\/mlsprestigegroup.com\/index.php?rest_route=\/wp\/v2\/pages\/517\/revisions\/817"}],"wp:attachment":[{"href":"https:\/\/mlsprestigegroup.com\/index.php?rest_route=%2Fwp%2Fv2%2Fmedia&parent=517"}],"curies":[{"name":"wp","href":"https:\/\/api.w.org\/{rel}","templated":true}]}}