{"id":507,"date":"2025-05-19T11:51:03","date_gmt":"2025-05-19T09:51:03","guid":{"rendered":"https:\/\/mlsprestigegroup.com\/?page_id=507"},"modified":"2025-05-21T03:33:32","modified_gmt":"2025-05-21T01:33:32","slug":"pole-btp-multiservices-batiment","status":"publish","type":"page","link":"https:\/\/mlsprestigegroup.com\/?page_id=507","title":{"rendered":"P\u00f4le BTP \/ Multiservices du b\u00e2timent"},"content":{"rendered":"\n<h1 class=\"wp-block-heading\">\ud83d\udd27 Travaux &amp; Multiservices b\u00e2timent<\/h1>\n\n\n\n<p class=\"has-ast-global-color-0-color has-text-color has-link-color wp-elements-e13f3d0fd2916754848ae1b487dc3878\">Chez <strong>MLS Prestige Group<\/strong>, nous vous accompagnons pour tous vos petits travaux de r\u00e9novation, d\u2019entretien et d\u2019am\u00e9nagement int\u00e9rieur. Que vous soyez particulier, propri\u00e9taire, gestionnaire de biens ou professionnel, nous vous proposons un service r\u00e9actif et professionnel.<\/p>\n\n\n\n<h2 class=\"wp-block-heading\">\u2705 Des prestations sur mesure, avec ou sans sous-traitance <\/h2>\n\n\n\n<ul class=\"wp-block-list\">\n<li class=\"has-ast-global-color-3-color has-text-color has-link-color wp-elements-f8686d28220bbccb8da3100bd663416b\">\u2714\ufe0f Petits travaux de r\u00e9novation (peinture, enduit, pon\u00e7age)<\/li>\n\n\n\n<li class=\"has-ast-global-color-3-color has-text-color has-link-color wp-elements-66bcd6d3450072541e5c2579ffccb423\">\u2714\ufe0f Montage et installation de mobilier<\/li>\n\n\n\n<li class=\"has-ast-global-color-3-color has-text-color has-link-color wp-elements-559b353219e3439bd89328c31f1f9ad3\">\u2714\ufe0f Fixation murale <\/li>\n\n\n\n<li class=\"has-ast-global-color-3-color has-text-color has-link-color wp-elements-db1f148320df0d51adcdbcccd610bc4b\">\u2714\ufe0f Ma\u00e7onnerie l\u00e9g\u00e8re<\/li>\n\n\n\n<li class=\"has-ast-global-color-3-color has-text-color has-link-color wp-elements-e83b4ba3326a4a6c8e918ce5d899d219\">\u2714\ufe0f Remplacement de joints, poign\u00e9es, robinetterie<\/li>\n\n\n\n<li class=\"has-ast-global-color-3-color has-text-color has-link-color wp-elements-39cd3e64e243501a11c57fe30d7a13c8\">\u2714\ufe0f Pose de carrelage, fa\u00efence, sol PVC ou stratifi\u00e9<\/li>\n\n\n\n<li class=\"has-ast-global-color-3-color has-text-color has-link-color wp-elements-2509896bb45d1a57a3211fd3ad38fad6\">\u2714\ufe0f Travaux de bricolage divers (colmatage, ajustement, d\u00e9montage)<\/li>\n\n\n\n<li class=\"has-ast-global-color-3-color has-text-color has-link-color wp-elements-d975c76f80acd69c6ba95f36cbe25ddc\">\u2714\ufe0f \u00c9lectricit\u00e9 l\u00e9g\u00e8re (prises, interrupteurs)<\/li>\n\n\n\n<li class=\"has-ast-global-color-3-color has-text-color has-link-color wp-elements-312ed892cb4bf137590434b0f39716e4\">\u2714\ufe0f Petites r\u00e9parations de plomberie (fuites, siphons, chasse d\u2019eau)<\/li>\n\n\n\n<li class=\"has-ast-global-color-0-color has-text-color has-link-color wp-elements-607f8df6519bc10cdf50a3335135ae4a\"><strong><strong>Besoin d&#8217;une prestation sp\u00e9cifique ?<\/strong><br><em>Contactez-nous directement pour toute demande hors liste.<\/em><\/strong><\/li>\n<\/ul>\n\n\n\n<h2 class=\"wp-block-heading\">\ud83c\udfe0 Pour qui ?<\/h2>\n\n\n\n<ul class=\"wp-block-list\">\n<li class=\"has-ast-global-color-3-color has-text-color has-link-color wp-elements-3ba28e5a20930e3bf10a6897de0fc3a5\">\ud83c\udfe1 Particuliers (propri\u00e9taires ou locataires) <\/li>\n\n\n\n<li class=\"has-ast-global-color-3-color has-text-color has-link-color wp-elements-e4c1ba3f536f0e6133c5fdf04f54e501\">\ud83c\udfe2 Gestionnaires locatifs \/ syndics<\/li>\n\n\n\n<li class=\"has-ast-global-color-3-color has-text-color has-link-color wp-elements-9e9b156aa226eaa55cbc439f1068c67b\">\ud83d\uded2 Commer\u00e7ants ou professionnels pour am\u00e9nagement l\u00e9ger<\/li>\n<\/ul>\n\n\n\n<h2 class=\"wp-block-heading\">\ud83d\udccd Zone d\u2019intervention<\/h2>\n\n\n\n<p class=\"has-ast-global-color-3-color has-text-color has-link-color wp-elements-a2f24508bff7da99136b27756880eb7f\">Nous intervenons principalement en r\u00e9gion <strong>PACA<\/strong>, avec un service 24\/24h en cas d&#8217;urgence.<\/p>\n\n\n\n<h2 class=\"wp-block-heading\">\ud83d\udcde Une demande urgente ou un devis ?<\/h2>\n\n\n\n<p class=\"has-ast-global-color-1-color has-text-color\">Contactez-nous d\u00e8s maintenant :<br><a href=\"https:\/\/mlsprestigegroup.com\/?page_id=306\" data-type=\"page\" data-id=\"306\">Contact<\/a><\/p>\n","protected":false},"excerpt":{"rendered":"<p>\ud83d\udd27 Travaux &amp; Multiservices b\u00e2timent Chez MLS Prestige Group, nous vous accompagnons pour tous vos petits travaux de r\u00e9novation, d\u2019entretien et d\u2019am\u00e9nagement int\u00e9rieur. Que vous soyez particulier, propri\u00e9taire, gestionnaire de biens ou professionnel, nous vous proposons un service r\u00e9actif et professionnel. \u2705 Des prestations sur mesure, avec ou sans sous-traitance \ud83c\udfe0 Pour qui ? \ud83d\udccd [&hellip;]<\/p>\n","protected":false},"author":1,"featured_media":0,"parent":0,"menu_order":0,"comment_status":"closed","ping_status":"closed","template":"","meta":{"site-sidebar-layout":"default","site-content-layout":"","ast-site-content-layout":"","site-content-style":"default","site-sidebar-style":"default","ast-global-header-display":"","ast-banner-title-visibility":"","ast-main-header-display":"","ast-hfb-above-header-display":"","ast-hfb-below-header-display":"","ast-hfb-mobile-header-display":"","site-post-title":"","ast-breadcrumbs-content":"","ast-featured-img":"","footer-sml-layout":"","ast-disable-related-posts":"","theme-transparent-header-meta":"","adv-header-id-meta":"","stick-header-meta":"","header-above-stick-meta":"","header-main-stick-meta":"","header-below-stick-meta":"","astra-migrate-meta-layouts":"default","ast-page-background-enabled":"default","ast-page-background-meta":{"desktop":{"background-color":"var(--ast-global-color-5)","background-image":"","background-repeat":"repeat","background-position":"center center","background-size":"auto","background-attachment":"scroll","background-type":"","background-media":"","overlay-type":"","overlay-color":"","overlay-opacity":"","overlay-gradient":""},"tablet":{"background-color":"","background-image":"","background-repeat":"repeat","background-position":"center center","background-size":"auto","background-attachment":"scroll","background-type":"","background-media":"","overlay-type":"","overlay-color":"","overlay-opacity":"","overlay-gradient":""},"mobile":{"background-color":"","background-image":"","background-repeat":"repeat","background-position":"center center","background-size":"auto","background-attachment":"scroll","background-type":"","background-media":"","overlay-type":"","overlay-color":"","overlay-opacity":"","overlay-gradient":""}},"ast-content-background-meta":{"desktop":{"background-color":"var(--ast-global-color-4)","background-image":"","background-repeat":"repeat","background-position":"center center","background-size":"auto","background-attachment":"scroll","background-type":"","background-media":"","overlay-type":"","overlay-color":"","overlay-opacity":"","overlay-gradient":""},"tablet":{"background-color":"var(--ast-global-color-4)","background-image":"","background-repeat":"repeat","background-position":"center center","background-size":"auto","background-attachment":"scroll","background-type":"","background-media":"","overlay-type":"","overlay-color":"","overlay-opacity":"","overlay-gradient":""},"mobile":{"background-color":"var(--ast-global-color-4)","background-image":"","background-repeat":"repeat","background-position":"center center","background-size":"auto","background-attachment":"scroll","background-type":"","background-media":"","overlay-type":"","overlay-color":"","overlay-opacity":"","overlay-gradient":""}},"footnotes":""},"class_list":["post-507","page","type-page","status-publish","hentry"],"jetpack_sharing_enabled":true,"_links":{"self":[{"href":"https:\/\/mlsprestigegroup.com\/index.php?rest_route=\/wp\/v2\/pages\/507","targetHints":{"allow":["GET"]}}],"collection":[{"href":"https:\/\/mlsprestigegroup.com\/index.php?rest_route=\/wp\/v2\/pages"}],"about":[{"href":"https:\/\/mlsprestigegroup.com\/index.php?rest_route=\/wp\/v2\/types\/page"}],"author":[{"embeddable":true,"href":"https:\/\/mlsprestigegroup.com\/index.php?rest_route=\/wp\/v2\/users\/1"}],"replies":[{"embeddable":true,"href":"https:\/\/mlsprestigegroup.com\/index.php?rest_route=%2Fwp%2Fv2%2Fcomments&post=507"}],"version-history":[{"count":20,"href":"https:\/\/mlsprestigegroup.com\/index.php?rest_route=\/wp\/v2\/pages\/507\/revisions"}],"predecessor-version":[{"id":636,"href":"https:\/\/mlsprestigegroup.com\/index.php?rest_route=\/wp\/v2\/pages\/507\/revisions\/636"}],"wp:attachment":[{"href":"https:\/\/mlsprestigegroup.com\/index.php?rest_route=%2Fwp%2Fv2%2Fmedia&parent=507"}],"curies":[{"name":"wp","href":"https:\/\/api.w.org\/{rel}","templated":true}]}}